{"id":2,"date":"2024-06-27T07:17:39","date_gmt":"2024-06-27T07:17:39","guid":{"rendered":"https:\/\/gruassanmiguel.rkinformatika.online\/?page_id=2"},"modified":"2025-01-14T10:31:53","modified_gmt":"2025-01-14T10:31:53","slug":"inicio","status":"publish","type":"page","link":"https:\/\/gruassanmiguelderio.com\/eus\/","title":{"rendered":"Hasiera"},"content":{"rendered":"\t\t<div data-elementor-type=\"wp-page\" data-elementor-id=\"2\" class=\"elementor elementor-2\" data-elementor-post-type=\"page\">\n\t\t\t\t\t\t<section class=\"elementor-section elementor-top-section elementor-element elementor-element-98c143c elementor-section-height-min-height elementor-section-full_width elementor-section-height-default elementor-section-items-middle\" data-id=\"98c143c\" data-element_type=\"section\" data-e-type=\"section\" data-settings=\"{&quot;background_background&quot;:&quot;slideshow&quot;,&quot;background_slideshow_ken_burns&quot;:&quot;yes&quot;,&quot;background_slideshow_gallery&quot;:[{&quot;id&quot;:107,&quot;url&quot;:&quot;https:\\\/\\\/gruassanmiguelderio.com\\\/wp-content\\\/uploads\\\/2024\\\/06\\\/5.jpg&quot;},{&quot;id&quot;:106,&quot;url&quot;:&quot;https:\\\/\\\/gruassanmiguelderio.com\\\/wp-content\\\/uploads\\\/2024\\\/06\\\/4.jpg&quot;},{&quot;id&quot;:105,&quot;url&quot;:&quot;https:\\\/\\\/gruassanmiguelderio.com\\\/wp-content\\\/uploads\\\/2024\\\/06\\\/3.jpg&quot;},{&quot;id&quot;:104,&quot;url&quot;:&quot;https:\\\/\\\/gruassanmiguelderio.com\\\/wp-content\\\/uploads\\\/2024\\\/06\\\/2.jpg&quot;},{&quot;id&quot;:103,&quot;url&quot;:&quot;https:\\\/\\\/gruassanmiguelderio.com\\\/wp-content\\\/uploads\\\/2024\\\/06\\\/1.jpg&quot;}],&quot;background_slideshow_slide_duration&quot;:4000,&quot;background_slideshow_loop&quot;:&quot;yes&quot;,&quot;background_slideshow_slide_transition&quot;:&quot;fade&quot;,&quot;background_slideshow_transition_duration&quot;:500,&quot;background_slideshow_ken_burns_zoom_direction&quot;:&quot;in&quot;}\">\n\t\t\t\t\t\t\t<div class=\"elementor-background-overlay\"><\/div>\n\t\t\t\t\t\t\t<div class=\"elementor-container elementor-column-gap-default\">\n\t\t\t\t\t<div class=\"elementor-column elementor-col-100 elementor-top-column elementor-element elementor-element-18fa081\" data-id=\"18fa081\" data-element_type=\"column\" data-e-type=\"column\" data-settings=\"{&quot;background_background&quot;:&quot;classic&quot;}\">\n\t\t\t<div class=\"elementor-widget-wrap elementor-element-populated\">\n\t\t\t\t\t\t<div class=\"elementor-element elementor-element-9a651a3 elementor-widget__width-initial elementor-widget-tablet__width-initial elementor-widget-mobile__width-initial elementor-invisible elementor-widget elementor-widget-heading\" data-id=\"9a651a3\" data-element_type=\"widget\" data-e-type=\"widget\" data-settings=\"{&quot;_animation&quot;:&quot;fadeInLeft&quot;}\" data-widget_type=\"heading.default\">\n\t\t\t\t<div class=\"elementor-widget-container\">\n\t\t\t\t\t<h2 class=\"elementor-heading-title elementor-size-default\">Bienvenido a Gruas San Miguel Derio<\/h2>\t\t\t\t<\/div>\n\t\t\t\t<\/div>\n\t\t\t\t<section class=\"elementor-section elementor-inner-section elementor-element elementor-element-e38b393 elementor-section-boxed elementor-section-height-default elementor-section-height-default\" data-id=\"e38b393\" data-element_type=\"section\" data-e-type=\"section\">\n\t\t\t\t\t\t<div class=\"elementor-container elementor-column-gap-default\">\n\t\t\t\t\t<div class=\"elementor-column elementor-col-100 elementor-inner-column elementor-element elementor-element-29037c5\" data-id=\"29037c5\" data-element_type=\"column\" data-e-type=\"column\">\n\t\t\t<div class=\"elementor-widget-wrap elementor-element-populated\">\n\t\t\t\t\t\t<div class=\"elementor-element elementor-element-40fedf1 elementor-widget__width-initial elementor-widget-tablet__width-initial elementor-widget-mobile__width-initial elementor-invisible elementor-widget elementor-widget-heading\" data-id=\"40fedf1\" data-element_type=\"widget\" data-e-type=\"widget\" data-settings=\"{&quot;_animation&quot;:&quot;fadeInRight&quot;}\" data-widget_type=\"heading.default\">\n\t\t\t\t<div class=\"elementor-widget-container\">\n\t\t\t\t\t<h2 class=\"elementor-heading-title elementor-size-default\">Su soluci\u00f3n r\u00e1pida y segura para cualquier necesidad de asistencia vehicular.<\/h2>\t\t\t\t<\/div>\n\t\t\t\t<\/div>\n\t\t\t\t\t<\/div>\n\t\t<\/div>\n\t\t\t\t\t<\/div>\n\t\t<\/section>\n\t\t\t\t\t<\/div>\n\t\t<\/div>\n\t\t\t\t\t<\/div>\n\t\t<\/section>\n\t\t<div class=\"elementor-element elementor-element-a0df329 e-flex e-con-boxed e-con e-parent\" data-id=\"a0df329\" data-element_type=\"container\" data-e-type=\"container\" data-settings=\"{&quot;background_background&quot;:&quot;classic&quot;}\">\n\t\t\t\t\t<div class=\"e-con-inner\">\n\t\t<div class=\"elementor-element elementor-element-b903513 e-con-full e-flex e-con e-child\" data-id=\"b903513\" data-element_type=\"container\" data-e-type=\"container\">\n\t\t\t\t<div class=\"elementor-element elementor-element-db86618 elementor-widget__width-initial elementor-invisible elementor-widget elementor-widget-heading\" data-id=\"db86618\" data-element_type=\"widget\" data-e-type=\"widget\" data-settings=\"{&quot;_animation&quot;:&quot;fadeIn&quot;}\" data-widget_type=\"heading.default\">\n\t\t\t\t<div class=\"elementor-widget-container\">\n\t\t\t\t\t<h2 class=\"elementor-heading-title elementor-size-default\">Sobre Nosotros<\/h2>\t\t\t\t<\/div>\n\t\t\t\t<\/div>\n\t\t\t\t<div class=\"elementor-element elementor-element-766f3e2 elementor-widget__width-initial elementor-widget elementor-widget-text-editor\" data-id=\"766f3e2\" data-element_type=\"widget\" data-e-type=\"widget\" data-widget_type=\"text-editor.default\">\n\t\t\t\t<div class=\"elementor-widget-container\">\n\t\t\t\t\t\t\t\t\t<p>En Gruas San Miguel, nos dedicamos a ofrecer servicios de asistencia y traslados de veh\u00edculos con la misma dedicaci\u00f3n y cuidado que brindamos a nuestra propia familia. Somos una peque\u00f1a empresa familiar y nos encanta serlo, porque entendemos el valor \u00fanico de cada cliente y nos esforzamos constantemente por cuidar y fortalecer la confianza que depositan en nosotros. Nuestros productos y servicios est\u00e1n dise\u00f1ados para proporcionar la m\u00e1xima seguridad y eficiencia, asegur\u00e1ndonos de que su experiencia con nosotros sea siempre excepcional.<\/p>\t\t\t\t\t\t\t\t<\/div>\n\t\t\t\t<\/div>\n\t\t\t\t<\/div>\n\t\t<div class=\"elementor-element elementor-element-e387ce9 e-con-full e-flex e-con e-child\" data-id=\"e387ce9\" data-element_type=\"container\" data-e-type=\"container\">\n\t\t\t\t<div class=\"elementor-element elementor-element-688ce5f elementor-widget elementor-widget-image\" data-id=\"688ce5f\" data-element_type=\"widget\" data-e-type=\"widget\" data-widget_type=\"image.default\">\n\t\t\t\t<div class=\"elementor-widget-container\">\n\t\t\t\t\t\t\t\t\t\t\t\t\t\t\t<img fetchpriority=\"high\" decoding=\"async\" width=\"800\" height=\"600\" src=\"https:\/\/gruassanmiguelderio.com\/wp-content\/uploads\/2024\/06\/2-1024x768.jpg\" class=\"attachment-large size-large wp-image-104\" alt=\"\" srcset=\"https:\/\/gruassanmiguelderio.com\/wp-content\/uploads\/2024\/06\/2-1024x768.jpg 1024w, https:\/\/gruassanmiguelderio.com\/wp-content\/uploads\/2024\/06\/2-300x225.jpg 300w, https:\/\/gruassanmiguelderio.com\/wp-content\/uploads\/2024\/06\/2-768x576.jpg 768w, https:\/\/gruassanmiguelderio.com\/wp-content\/uploads\/2024\/06\/2-1536x1152.jpg 1536w, https:\/\/gruassanmiguelderio.com\/wp-content\/uploads\/2024\/06\/2-16x12.jpg 16w, https:\/\/gruassanmiguelderio.com\/wp-content\/uploads\/2024\/06\/2.jpg 1600w\" sizes=\"(max-width: 800px) 100vw, 800px\" \/>\t\t\t\t\t\t\t\t\t\t\t\t\t\t\t<\/div>\n\t\t\t\t<\/div>\n\t\t\t\t<\/div>\n\t\t\t\t\t<\/div>\n\t\t\t\t<\/div>\n\t\t<div class=\"elementor-element elementor-element-d63b225 e-flex e-con-boxed e-con e-parent\" data-id=\"d63b225\" data-element_type=\"container\" data-e-type=\"container\" data-settings=\"{&quot;background_background&quot;:&quot;classic&quot;}\">\n\t\t\t\t\t<div class=\"e-con-inner\">\n\t\t<div class=\"elementor-element elementor-element-0364c32 e-con-full e-flex e-con e-child\" data-id=\"0364c32\" data-element_type=\"container\" data-e-type=\"container\">\n\t\t<div class=\"elementor-element elementor-element-9e7d769 animated-slow e-con-full e-flex elementor-invisible e-con e-child\" data-id=\"9e7d769\" data-element_type=\"container\" data-e-type=\"container\" data-settings=\"{&quot;animation&quot;:&quot;fadeInUp&quot;,&quot;animation_delay&quot;:150}\">\n\t\t\t\t<div class=\"elementor-element elementor-element-ea297ee elementor--star-style-star_unicode elementor-star-rating--align-center elementor-widget elementor-widget-star-rating\" data-id=\"ea297ee\" data-element_type=\"widget\" data-e-type=\"widget\" data-widget_type=\"star-rating.default\">\n\t\t\t\t<div class=\"elementor-widget-container\">\n\t\t\t\t\t\t\t<div class=\"elementor-star-rating__wrapper\">\n\t\t\t\t\t\t<div class=\"elementor-star-rating\" itemtype=\"http:\/\/schema.org\/Rating\" itemscope=\"\" itemprop=\"reviewRating\">\n\t\t\t\t<i class=\"elementor-star-full\" aria-hidden=\"true\">&#9733;<\/i><i class=\"elementor-star-full\" aria-hidden=\"true\">&#9733;<\/i><i class=\"elementor-star-full\" aria-hidden=\"true\">&#9733;<\/i><i class=\"elementor-star-full\" aria-hidden=\"true\">&#9733;<\/i><i class=\"elementor-star-full\" aria-hidden=\"true\">&#9733;<\/i>\t\t\t\t<span itemprop=\"ratingValue\" class=\"elementor-screen-only\">Rated 5 out of 5<\/span>\n\t\t\t<\/div>\n\t\t<\/div>\n\t\t\t\t\t\t<\/div>\n\t\t\t\t<\/div>\n\t\t\t\t<div class=\"elementor-element elementor-element-e71e3f2 elementor-widget elementor-widget-testimonial\" data-id=\"e71e3f2\" data-element_type=\"widget\" data-e-type=\"widget\" data-widget_type=\"testimonial.default\">\n\t\t\t\t<div class=\"elementor-widget-container\">\n\t\t\t\t\t\t\t<div class=\"elementor-testimonial-wrapper\">\n\t\t\t\t\t\t\t<div class=\"elementor-testimonial-content\">Me dio muy buen servicio, lleg\u00f3 enseguida, me ayud\u00f3 r\u00e1pidamente con mi veh\u00edculo y me asesor\u00f3 para futuras ocasiones no volver a cometer ciertos errores con el coche que terminan en averia. Muy profesional.<\/div>\n\t\t\t\n\t\t\t\t\t\t<div class=\"elementor-testimonial-meta\">\n\t\t\t\t<div class=\"elementor-testimonial-meta-inner\">\n\t\t\t\t\t\n\t\t\t\t\t\t\t\t\t\t<div class=\"elementor-testimonial-details\">\n\t\t\t\t\t\t\t\t\t\t\t\t\t\t<div class=\"elementor-testimonial-name\">Fran Merino<\/div>\n\t\t\t\t\t\t\t\t\t\t\t\t\t\t\t\t\t\t\t<\/div>\n\t\t\t\t\t\t\t\t\t<\/div>\n\t\t\t<\/div>\n\t\t\t\t\t<\/div>\n\t\t\t\t\t\t<\/div>\n\t\t\t\t<\/div>\n\t\t\t\t<\/div>\n\t\t<div class=\"elementor-element elementor-element-4065929 animated-slow e-con-full e-flex elementor-invisible e-con e-child\" data-id=\"4065929\" data-element_type=\"container\" data-e-type=\"container\" data-settings=\"{&quot;animation&quot;:&quot;fadeInUp&quot;,&quot;animation_delay&quot;:150}\">\n\t\t\t\t<div class=\"elementor-element elementor-element-e3ca508 elementor--star-style-star_unicode elementor-star-rating--align-center elementor-widget elementor-widget-star-rating\" data-id=\"e3ca508\" data-element_type=\"widget\" data-e-type=\"widget\" data-widget_type=\"star-rating.default\">\n\t\t\t\t<div class=\"elementor-widget-container\">\n\t\t\t\t\t\t\t<div class=\"elementor-star-rating__wrapper\">\n\t\t\t\t\t\t<div class=\"elementor-star-rating\" itemtype=\"http:\/\/schema.org\/Rating\" itemscope=\"\" itemprop=\"reviewRating\">\n\t\t\t\t<i class=\"elementor-star-full\" aria-hidden=\"true\">&#9733;<\/i><i class=\"elementor-star-full\" aria-hidden=\"true\">&#9733;<\/i><i class=\"elementor-star-full\" aria-hidden=\"true\">&#9733;<\/i><i class=\"elementor-star-full\" aria-hidden=\"true\">&#9733;<\/i><i class=\"elementor-star-full\" aria-hidden=\"true\">&#9733;<\/i>\t\t\t\t<span itemprop=\"ratingValue\" class=\"elementor-screen-only\">Rated 5 out of 5<\/span>\n\t\t\t<\/div>\n\t\t<\/div>\n\t\t\t\t\t\t<\/div>\n\t\t\t\t<\/div>\n\t\t\t\t<div class=\"elementor-element elementor-element-7eb4ddb elementor-widget elementor-widget-testimonial\" data-id=\"7eb4ddb\" data-element_type=\"widget\" data-e-type=\"widget\" data-widget_type=\"testimonial.default\">\n\t\t\t\t<div class=\"elementor-widget-container\">\n\t\t\t\t\t\t\t<div class=\"elementor-testimonial-wrapper\">\n\t\t\t\t\t\t\t<div class=\"elementor-testimonial-content\">Muchas gracias por el servicio, fue todo muy r\u00e1pido y profesional. A destacar lo cuidadoso que ha sido con el coche. No dudare en volver a contactar con vosotros la pr\u00f3xima vez. Un saludo<\/div>\n\t\t\t\n\t\t\t\t\t\t<div class=\"elementor-testimonial-meta\">\n\t\t\t\t<div class=\"elementor-testimonial-meta-inner\">\n\t\t\t\t\t\n\t\t\t\t\t\t\t\t\t\t<div class=\"elementor-testimonial-details\">\n\t\t\t\t\t\t\t\t\t\t\t\t\t\t<div class=\"elementor-testimonial-name\">Asier Cano<\/div>\n\t\t\t\t\t\t\t\t\t\t\t\t\t\t\t\t\t\t\t<\/div>\n\t\t\t\t\t\t\t\t\t<\/div>\n\t\t\t<\/div>\n\t\t\t\t\t<\/div>\n\t\t\t\t\t\t<\/div>\n\t\t\t\t<\/div>\n\t\t\t\t<\/div>\n\t\t<div class=\"elementor-element elementor-element-93091c1 animated-slow e-con-full e-flex elementor-invisible e-con e-child\" data-id=\"93091c1\" data-element_type=\"container\" data-e-type=\"container\" data-settings=\"{&quot;animation&quot;:&quot;fadeInUp&quot;,&quot;animation_delay&quot;:150}\">\n\t\t\t\t<div class=\"elementor-element elementor-element-68bcb46 elementor--star-style-star_unicode elementor-star-rating--align-center elementor-widget elementor-widget-star-rating\" data-id=\"68bcb46\" data-element_type=\"widget\" data-e-type=\"widget\" data-widget_type=\"star-rating.default\">\n\t\t\t\t<div class=\"elementor-widget-container\">\n\t\t\t\t\t\t\t<div class=\"elementor-star-rating__wrapper\">\n\t\t\t\t\t\t<div class=\"elementor-star-rating\" itemtype=\"http:\/\/schema.org\/Rating\" itemscope=\"\" itemprop=\"reviewRating\">\n\t\t\t\t<i class=\"elementor-star-full\" aria-hidden=\"true\">&#9733;<\/i><i class=\"elementor-star-full\" aria-hidden=\"true\">&#9733;<\/i><i class=\"elementor-star-full\" aria-hidden=\"true\">&#9733;<\/i><i class=\"elementor-star-full\" aria-hidden=\"true\">&#9733;<\/i><i class=\"elementor-star-full\" aria-hidden=\"true\">&#9733;<\/i>\t\t\t\t<span itemprop=\"ratingValue\" class=\"elementor-screen-only\">Rated 5 out of 5<\/span>\n\t\t\t<\/div>\n\t\t<\/div>\n\t\t\t\t\t\t<\/div>\n\t\t\t\t<\/div>\n\t\t\t\t<div class=\"elementor-element elementor-element-ded9742 elementor-widget elementor-widget-testimonial\" data-id=\"ded9742\" data-element_type=\"widget\" data-e-type=\"widget\" data-widget_type=\"testimonial.default\">\n\t\t\t\t<div class=\"elementor-widget-container\">\n\t\t\t\t\t\t\t<div class=\"elementor-testimonial-wrapper\">\n\t\t\t\t\t\t\t<div class=\"elementor-testimonial-content\">El servicio prestado por el conductor de la gr\u00faa a sido excelente pese a encontrarse con un c\u00f3lico renal el precio muy bueno repitire espero que est\u00e9s mejor<\/div>\n\t\t\t\n\t\t\t\t\t\t<div class=\"elementor-testimonial-meta\">\n\t\t\t\t<div class=\"elementor-testimonial-meta-inner\">\n\t\t\t\t\t\n\t\t\t\t\t\t\t\t\t\t<div class=\"elementor-testimonial-details\">\n\t\t\t\t\t\t\t\t\t\t\t\t\t\t<div class=\"elementor-testimonial-name\">Javier Benitez<\/div>\n\t\t\t\t\t\t\t\t\t\t\t\t\t\t\t\t\t\t\t<\/div>\n\t\t\t\t\t\t\t\t\t<\/div>\n\t\t\t<\/div>\n\t\t\t\t\t<\/div>\n\t\t\t\t\t\t<\/div>\n\t\t\t\t<\/div>\n\t\t\t\t<\/div>\n\t\t\t\t<\/div>\n\t\t\t\t\t<\/div>\n\t\t\t\t<\/div>\n\t\t\t\t<\/div>\n\t\t","protected":false},"excerpt":{"rendered":"<p>Bienvenido a Gruas San Miguel Derio Su soluci\u00f3n r\u00e1pida y segura para cualquier necesidad de asistencia vehicular. Sobre Nosotros En Gruas San Miguel, nos dedicamos a ofrecer servicios de asistencia y traslados de veh\u00edculos con la misma dedicaci\u00f3n y cuidado que brindamos a nuestra propia familia. Somos una peque\u00f1a empresa familiar y nos encanta serlo, [&hellip;]<\/p>\n","protected":false},"author":1,"featured_media":0,"parent":0,"menu_order":0,"comment_status":"closed","ping_status":"closed","template":"elementor_canvas","meta":{"footnotes":""},"class_list":["post-2","page","type-page","status-publish","hentry"],"yoast_head":"<!-- This site is optimized with the Yoast SEO plugin v27.6 - https:\/\/yoast.com\/product\/yoast-seo-wordpress\/ -->\n<title>Inicio - Gruas San Miguel<\/title>\n<meta name=\"robots\" content=\"index, follow, max-snippet:-1, max-image-preview:large, max-video-preview:-1\" \/>\n<link rel=\"canonical\" href=\"https:\/\/gruassanmiguelderio.com\/eus\/\" \/>\n<meta property=\"og:locale\" content=\"en_US\" \/>\n<meta property=\"og:type\" content=\"article\" \/>\n<meta property=\"og:title\" content=\"Inicio - Gruas San Miguel\" \/>\n<meta property=\"og:description\" content=\"Bienvenido a Gruas San Miguel Derio Su soluci\u00f3n r\u00e1pida y segura para cualquier necesidad de asistencia vehicular. Sobre Nosotros En Gruas San Miguel, nos dedicamos a ofrecer servicios de asistencia y traslados de veh\u00edculos con la misma dedicaci\u00f3n y cuidado que brindamos a nuestra propia familia. Somos una peque\u00f1a empresa familiar y nos encanta serlo, [&hellip;]\" \/>\n<meta property=\"og:url\" content=\"https:\/\/gruassanmiguelderio.com\/eus\/\" \/>\n<meta property=\"og:site_name\" content=\"Gruas San Miguel\" \/>\n<meta property=\"article:modified_time\" content=\"2025-01-14T10:31:53+00:00\" \/>\n<meta property=\"og:image\" content=\"https:\/\/gruassanmiguelderio.com\/wp-content\/uploads\/2024\/06\/2.jpg\" \/>\n\t<meta property=\"og:image:width\" content=\"1600\" \/>\n\t<meta property=\"og:image:height\" content=\"1200\" \/>\n\t<meta property=\"og:image:type\" content=\"image\/jpeg\" \/>\n<meta name=\"twitter:card\" content=\"summary_large_image\" \/>\n<meta name=\"twitter:label1\" content=\"Est. reading time\" \/>\n\t<meta name=\"twitter:data1\" content=\"2 minutua\" \/>\n<script type=\"application\/ld+json\" class=\"yoast-schema-graph\">{\"@context\":\"https:\\\/\\\/schema.org\",\"@graph\":[{\"@type\":\"WebPage\",\"@id\":\"https:\\\/\\\/gruassanmiguelderio.com\\\/\",\"url\":\"https:\\\/\\\/gruassanmiguelderio.com\\\/\",\"name\":\"Inicio - Gruas San Miguel\",\"isPartOf\":{\"@id\":\"https:\\\/\\\/gruassanmiguelderio.com\\\/#website\"},\"primaryImageOfPage\":{\"@id\":\"https:\\\/\\\/gruassanmiguelderio.com\\\/#primaryimage\"},\"image\":{\"@id\":\"https:\\\/\\\/gruassanmiguelderio.com\\\/#primaryimage\"},\"thumbnailUrl\":\"https:\\\/\\\/gruassanmiguelderio.com\\\/wp-content\\\/uploads\\\/2024\\\/06\\\/2-1024x768.jpg\",\"datePublished\":\"2024-06-27T07:17:39+00:00\",\"dateModified\":\"2025-01-14T10:31:53+00:00\",\"breadcrumb\":{\"@id\":\"https:\\\/\\\/gruassanmiguelderio.com\\\/#breadcrumb\"},\"inLanguage\":\"eu\",\"potentialAction\":[{\"@type\":\"ReadAction\",\"target\":[\"https:\\\/\\\/gruassanmiguelderio.com\\\/\"]}]},{\"@type\":\"ImageObject\",\"inLanguage\":\"eu\",\"@id\":\"https:\\\/\\\/gruassanmiguelderio.com\\\/#primaryimage\",\"url\":\"https:\\\/\\\/gruassanmiguelderio.com\\\/wp-content\\\/uploads\\\/2024\\\/06\\\/2-1024x768.jpg\",\"contentUrl\":\"https:\\\/\\\/gruassanmiguelderio.com\\\/wp-content\\\/uploads\\\/2024\\\/06\\\/2-1024x768.jpg\"},{\"@type\":\"BreadcrumbList\",\"@id\":\"https:\\\/\\\/gruassanmiguelderio.com\\\/#breadcrumb\",\"itemListElement\":[{\"@type\":\"ListItem\",\"position\":1,\"name\":\"Portada\",\"item\":\"https:\\\/\\\/gruassanmiguelderio.com\\\/\"},{\"@type\":\"ListItem\",\"position\":2,\"name\":\"Inicio\"}]},{\"@type\":\"WebSite\",\"@id\":\"https:\\\/\\\/gruassanmiguelderio.com\\\/#website\",\"url\":\"https:\\\/\\\/gruassanmiguelderio.com\\\/\",\"name\":\"Gruas San Miguel\",\"description\":\"\",\"potentialAction\":[{\"@type\":\"SearchAction\",\"target\":{\"@type\":\"EntryPoint\",\"urlTemplate\":\"https:\\\/\\\/gruassanmiguelderio.com\\\/?s={search_term_string}\"},\"query-input\":{\"@type\":\"PropertyValueSpecification\",\"valueRequired\":true,\"valueName\":\"search_term_string\"}}],\"inLanguage\":\"eu\"}]}<\/script>\n<!-- \/ Yoast SEO plugin. -->","yoast_head_json":{"title":"Inicio - Gruas San Miguel","robots":{"index":"index","follow":"follow","max-snippet":"max-snippet:-1","max-image-preview":"max-image-preview:large","max-video-preview":"max-video-preview:-1"},"canonical":"https:\/\/gruassanmiguelderio.com\/eus\/","og_locale":"en_US","og_type":"article","og_title":"Inicio - Gruas San Miguel","og_description":"Bienvenido a Gruas San Miguel Derio Su soluci\u00f3n r\u00e1pida y segura para cualquier necesidad de asistencia vehicular. Sobre Nosotros En Gruas San Miguel, nos dedicamos a ofrecer servicios de asistencia y traslados de veh\u00edculos con la misma dedicaci\u00f3n y cuidado que brindamos a nuestra propia familia. Somos una peque\u00f1a empresa familiar y nos encanta serlo, [&hellip;]","og_url":"https:\/\/gruassanmiguelderio.com\/eus\/","og_site_name":"Gruas San Miguel","article_modified_time":"2025-01-14T10:31:53+00:00","og_image":[{"width":1600,"height":1200,"url":"https:\/\/gruassanmiguelderio.com\/wp-content\/uploads\/2024\/06\/2.jpg","type":"image\/jpeg"}],"twitter_card":"summary_large_image","twitter_misc":{"Est. reading time":"2 minutua"},"schema":{"@context":"https:\/\/schema.org","@graph":[{"@type":"WebPage","@id":"https:\/\/gruassanmiguelderio.com\/","url":"https:\/\/gruassanmiguelderio.com\/","name":"Inicio - Gruas San Miguel","isPartOf":{"@id":"https:\/\/gruassanmiguelderio.com\/#website"},"primaryImageOfPage":{"@id":"https:\/\/gruassanmiguelderio.com\/#primaryimage"},"image":{"@id":"https:\/\/gruassanmiguelderio.com\/#primaryimage"},"thumbnailUrl":"https:\/\/gruassanmiguelderio.com\/wp-content\/uploads\/2024\/06\/2-1024x768.jpg","datePublished":"2024-06-27T07:17:39+00:00","dateModified":"2025-01-14T10:31:53+00:00","breadcrumb":{"@id":"https:\/\/gruassanmiguelderio.com\/#breadcrumb"},"inLanguage":"eu","potentialAction":[{"@type":"ReadAction","target":["https:\/\/gruassanmiguelderio.com\/"]}]},{"@type":"ImageObject","inLanguage":"eu","@id":"https:\/\/gruassanmiguelderio.com\/#primaryimage","url":"https:\/\/gruassanmiguelderio.com\/wp-content\/uploads\/2024\/06\/2-1024x768.jpg","contentUrl":"https:\/\/gruassanmiguelderio.com\/wp-content\/uploads\/2024\/06\/2-1024x768.jpg"},{"@type":"BreadcrumbList","@id":"https:\/\/gruassanmiguelderio.com\/#breadcrumb","itemListElement":[{"@type":"ListItem","position":1,"name":"Portada","item":"https:\/\/gruassanmiguelderio.com\/"},{"@type":"ListItem","position":2,"name":"Inicio"}]},{"@type":"WebSite","@id":"https:\/\/gruassanmiguelderio.com\/#website","url":"https:\/\/gruassanmiguelderio.com\/","name":"Gruas San Miguel","description":"","potentialAction":[{"@type":"SearchAction","target":{"@type":"EntryPoint","urlTemplate":"https:\/\/gruassanmiguelderio.com\/?s={search_term_string}"},"query-input":{"@type":"PropertyValueSpecification","valueRequired":true,"valueName":"search_term_string"}}],"inLanguage":"eu"}]}},"_links":{"self":[{"href":"https:\/\/gruassanmiguelderio.com\/eus\/wp-json\/wp\/v2\/pages\/2","targetHints":{"allow":["GET"]}}],"collection":[{"href":"https:\/\/gruassanmiguelderio.com\/eus\/wp-json\/wp\/v2\/pages"}],"about":[{"href":"https:\/\/gruassanmiguelderio.com\/eus\/wp-json\/wp\/v2\/types\/page"}],"author":[{"embeddable":true,"href":"https:\/\/gruassanmiguelderio.com\/eus\/wp-json\/wp\/v2\/users\/1"}],"replies":[{"embeddable":true,"href":"https:\/\/gruassanmiguelderio.com\/eus\/wp-json\/wp\/v2\/comments?post=2"}],"version-history":[{"count":121,"href":"https:\/\/gruassanmiguelderio.com\/eus\/wp-json\/wp\/v2\/pages\/2\/revisions"}],"predecessor-version":[{"id":1266,"href":"https:\/\/gruassanmiguelderio.com\/eus\/wp-json\/wp\/v2\/pages\/2\/revisions\/1266"}],"wp:attachment":[{"href":"https:\/\/gruassanmiguelderio.com\/eus\/wp-json\/wp\/v2\/media?parent=2"}],"curies":[{"name":"wp","href":"https:\/\/api.w.org\/{rel}","templated":true}]}}